{"id":1289,"date":"2026-01-09T20:07:26","date_gmt":"2026-01-09T19:07:26","guid":{"rendered":"https:\/\/www.steffi-woessner.de\/mentions-legales\/"},"modified":"2026-04-05T14:54:49","modified_gmt":"2026-04-05T12:54:49","slug":"mentions-legales","status":"publish","type":"page","link":"https:\/\/www.steffi-woessner.de\/fr\/mentions-legales\/","title":{"rendered":"Mentions l\u00e9gales"},"content":{"rendered":"\t\t<div data-elementor-type=\"wp-page\" data-elementor-id=\"1289\" class=\"elementor elementor-1289 elementor-1113\">\n\t\t\t\t\t\t<section class=\"elementor-section elementor-top-section elementor-element elementor-element-59895bb elementor-section-full_width elementor-section-height-default elementor-section-height-default\" data-id=\"59895bb\" data-element_type=\"section\" data-e-type=\"section\">\n\t\t\t\t\t\t<div class=\"elementor-container elementor-column-gap-no\">\n\t\t\t\t\t<div class=\"elementor-column elementor-col-100 elementor-top-column elementor-element elementor-element-be20ba8\" data-id=\"be20ba8\" data-element_type=\"column\" data-e-type=\"column\">\n\t\t\t<div class=\"elementor-widget-wrap elementor-element-populated\">\n\t\t\t\t\t\t<div class=\"elementor-element elementor-element-26b97d8 elementor-widget elementor-widget-ryancv-custom-text\" data-id=\"26b97d8\" data-element_type=\"widget\" data-e-type=\"widget\" data-widget_type=\"ryancv-custom-text.default\">\n\t\t\t\t<div class=\"elementor-widget-container\">\n\t\t\t\t\t\n\t\t<!-- Custom Text -->\n\t\t<div class=\"content custom-text\">\n\n\t\t\t\t\t\t<!-- title -->\n\t\t\t<div class=\"title\">\n\t\t\t\t<span >Avis juridique<\/span>\n\t\t\t<\/div>\n\t\t\t\n\t\t\t\t\t<\/div>\n\n\t\t\t\t\t\t<\/div>\n\t\t\t\t<\/div>\n\t\t\t\t\t<\/div>\n\t\t<\/div>\n\t\t\t\t\t<\/div>\n\t\t<\/section>\n\t\t<div class=\"elementor-element elementor-element-47a15fc e-flex e-con-boxed e-con e-parent\" data-id=\"47a15fc\" data-element_type=\"container\" data-e-type=\"container\">\n\t\t\t\t\t<div class=\"e-con-inner\">\n\t\t\t\t<div class=\"elementor-element elementor-element-861e0e0 elementor-widget elementor-widget-text-editor\" data-id=\"861e0e0\" data-element_type=\"widget\" data-e-type=\"widget\" data-widget_type=\"text-editor.default\">\n\t\t\t\t\t\t\t\t\t<p><strong>Informations conform\u00e9ment \u00e0 la section 5 DDG (Allemagne)<\/strong><\/p><p>Stephanie W\u00f6ssner<br>Ludwigstr. 3<br>72172 Sulz am Neckar<\/p><p><strong>Contact :<\/strong><\/p><p>Courriel : steffi@steffi-woessner.de<\/p><p><strong>Responsable du contenu :<\/strong><\/p><p>Stephanie W\u00f6ssner<\/p><p><strong>Responsabilit\u00e9 du contenu<\/strong><\/p><p>En tant que prestataire de services, le cr\u00e9ateur de ce site web est, conform\u00e9ment au \u00a7 7 par. 1 DDG. sont responsables de leur propre contenu sur ces pages conform\u00e9ment aux lois g\u00e9n\u00e9rales. Conform\u00e9ment aux articles 8 \u00e0 10 de la DDG, le cr\u00e9ateur n&#8217;est toutefois pas tenu de surveiller les informations transmises ou stock\u00e9es par des tiers, ni d&#8217;enqu\u00eater sur des circonstances indiquant une activit\u00e9 ill\u00e9gale.  <\/p><p>Les obligations de supprimer ou de bloquer l&#8217;utilisation d&#8217;informations conform\u00e9ment aux lois g\u00e9n\u00e9rales ne sont pas affect\u00e9es. Toutefois, la responsabilit\u00e9 \u00e0 cet \u00e9gard n&#8217;est possible qu&#8217;\u00e0 partir du moment o\u00f9 l&#8217;on a connaissance d&#8217;une infraction sp\u00e9cifique. Si le cr\u00e9ateur a connaissance de telles infractions, il retirera imm\u00e9diatement ces contenus.  <\/p><p><strong>Responsabilit\u00e9 des liens<\/strong><\/p><p>Ce site web peut contenir des liens vers des sites web externes de tiers, sur le contenu desquels le cr\u00e9ateur n&#8217;a aucune influence. Par cons\u00e9quent, ils ne peuvent assumer aucune responsabilit\u00e9 pour ces contenus de tiers. Le fournisseur ou l&#8217;op\u00e9rateur respectif des pages est toujours responsable du contenu des pages li\u00e9es. Les pages li\u00e9es ont \u00e9t\u00e9 v\u00e9rifi\u00e9es au moment de la cr\u00e9ation des liens afin de d\u00e9tecter d&#8217;\u00e9ventuelles violations de la l\u00e9gislation. Les contenus ill\u00e9gaux n&#8217;\u00e9taient pas identifiables au moment de l&#8217;\u00e9tablissement du lien.  <\/p><p>Toutefois, un contr\u00f4le permanent du contenu des pages li\u00e9es n&#8217;est pas raisonnable en l&#8217;absence d&#8217;indices concrets d&#8217;une violation de la loi. Ces liens seront supprim\u00e9s d\u00e8s que nous aurons connaissance d&#8217;une quelconque infraction \u00e0 la loi.  <\/p><p><strong>Droit d&#8217;auteur<\/strong><\/p><p>Le contenu et les \u0153uvres cr\u00e9\u00e9s par l&#8217;exploitant du site sur ces pages sont soumis \u00e0 la loi allemande sur les droits d&#8217;auteur, sauf indication contraire. La duplication, le traitement, la distribution et toute forme d&#8217;exploitation en dehors des limites du droit d&#8217;auteur n\u00e9cessitent l&#8217;accord \u00e9crit de l&#8217;auteur ou du cr\u00e9ateur respectif. Les t\u00e9l\u00e9chargements et les copies de ce site ne sont autoris\u00e9s que pour un usage priv\u00e9 et non commercial.  <\/p><p>Dans la mesure o\u00f9 le contenu de cette page n&#8217;a pas \u00e9t\u00e9 cr\u00e9\u00e9 par l&#8217;op\u00e9rateur, les droits d&#8217;auteur de tiers sont respect\u00e9s. En particulier, les contenus de tiers sont marqu\u00e9s comme tels. Si vous avez n\u00e9anmoins connaissance d&#8217;une violation des droits d&#8217;auteur, nous vous demandons de bien vouloir nous en informer. Nous retirerons ce contenu d\u00e8s que nous aurons connaissance d&#8217;une infraction.  <\/p><p><em>Source : <a href=\"https:\/\/www.erecht24.%20de\/\">eRecht24<\/a><\/em><\/p>\t\t\t\t\t\t\t\t<\/div>\n\t\t\t\t\t<\/div>\n\t\t\t\t<\/div>\n\t\t\t\t<\/div>\n\t\t","protected":false},"excerpt":{"rendered":"<p>Avis juridique Informations conform\u00e9ment \u00e0 la section 5 DDG (Allemagne) Stephanie W\u00f6ssnerLudwigstr. 372172 Sulz am Neckar Contact : Courriel :&#8230;<\/p>\n","protected":false},"author":2,"featured_media":0,"parent":0,"menu_order":0,"comment_status":"closed","ping_status":"closed","template":"template-elementor-builder.php","meta":{"_acf_changed":false,"footnotes":""},"class_list":["post-1289","page","type-page","status-publish","hentry"],"acf":[],"_links":{"self":[{"href":"https:\/\/www.steffi-woessner.de\/fr\/wp-json\/wp\/v2\/pages\/1289","targetHints":{"allow":["GET"]}}],"collection":[{"href":"https:\/\/www.steffi-woessner.de\/fr\/wp-json\/wp\/v2\/pages"}],"about":[{"href":"https:\/\/www.steffi-woessner.de\/fr\/wp-json\/wp\/v2\/types\/page"}],"author":[{"embeddable":true,"href":"https:\/\/www.steffi-woessner.de\/fr\/wp-json\/wp\/v2\/users\/2"}],"replies":[{"embeddable":true,"href":"https:\/\/www.steffi-woessner.de\/fr\/wp-json\/wp\/v2\/comments?post=1289"}],"version-history":[{"count":1,"href":"https:\/\/www.steffi-woessner.de\/fr\/wp-json\/wp\/v2\/pages\/1289\/revisions"}],"predecessor-version":[{"id":1290,"href":"https:\/\/www.steffi-woessner.de\/fr\/wp-json\/wp\/v2\/pages\/1289\/revisions\/1290"}],"wp:attachment":[{"href":"https:\/\/www.steffi-woessner.de\/fr\/wp-json\/wp\/v2\/media?parent=1289"}],"curies":[{"name":"wp","href":"https:\/\/api.w.org\/{rel}","templated":true}]}}