{"id":1269,"date":"2026-01-09T20:01:15","date_gmt":"2026-01-09T19:01:15","guid":{"rendered":"https:\/\/www.steffi-woessner.de\/futureguide-education\/"},"modified":"2026-04-05T16:05:14","modified_gmt":"2026-04-05T14:05:14","slug":"futureguide-education","status":"publish","type":"page","link":"https:\/\/www.steffi-woessner.de\/fr\/futureguide-education\/","title":{"rendered":"Future:Guide Education"},"content":{"rendered":"\t\t<div data-elementor-type=\"wp-page\" data-elementor-id=\"1269\" class=\"elementor elementor-1269 elementor-1100\">\n\t\t\t\t\t\t<section class=\"elementor-section elementor-top-section elementor-element elementor-element-59895bb elementor-section-full_width elementor-section-height-default elementor-section-height-default\" data-id=\"59895bb\" data-element_type=\"section\" data-e-type=\"section\">\n\t\t\t\t\t\t<div class=\"elementor-container elementor-column-gap-no\">\n\t\t\t\t\t<div class=\"elementor-column elementor-col-100 elementor-top-column elementor-element elementor-element-be20ba8\" data-id=\"be20ba8\" data-element_type=\"column\" data-e-type=\"column\">\n\t\t\t<div class=\"elementor-widget-wrap elementor-element-populated\">\n\t\t\t\t\t\t<div class=\"elementor-element elementor-element-26b97d8 elementor-widget elementor-widget-ryancv-custom-text\" data-id=\"26b97d8\" data-element_type=\"widget\" data-e-type=\"widget\" data-widget_type=\"ryancv-custom-text.default\">\n\t\t\t\t<div class=\"elementor-widget-container\">\n\t\t\t\t\t\n\t\t<!-- Custom Text -->\n\t\t<div class=\"content custom-text\">\n\n\t\t\t\t\t\t<!-- title -->\n\t\t\t<div class=\"title\">\n\t\t\t\t<span >Future:Guide Education \u2013 Learning to Shape the Future<\/span>\n\t\t\t<\/div>\n\t\t\t\n\t\t\t\t\t<\/div>\n\n\t\t\t\t\t\t<\/div>\n\t\t\t\t<\/div>\n\t\t\t\t\t<\/div>\n\t\t<\/div>\n\t\t\t\t\t<\/div>\n\t\t<\/section>\n\t\t<div class=\"elementor-element elementor-element-a2b9f7b e-grid e-con-boxed e-con e-parent\" data-id=\"a2b9f7b\" data-element_type=\"container\" data-e-type=\"container\">\n\t\t\t\t\t<div class=\"e-con-inner\">\n\t\t\t\t<div class=\"elementor-element elementor-element-448857f elementor-widget elementor-widget-image\" data-id=\"448857f\" data-element_type=\"widget\" data-e-type=\"widget\" data-widget_type=\"image.default\">\n\t\t\t\t\t\t\t\t\t\t\t\t\t\t\t<img fetchpriority=\"high\" decoding=\"async\" width=\"900\" height=\"900\" src=\"https:\/\/www.steffi-woessner.de\/wp-content\/uploads\/2026\/01\/Future_Guide_Bildung-1024x1024.jpg\" class=\"attachment-large size-large wp-image-1270\" alt=\"\" srcset=\"https:\/\/www.steffi-woessner.de\/wp-content\/uploads\/2026\/01\/Future_Guide_Bildung-1024x1024.jpg 1024w, https:\/\/www.steffi-woessner.de\/wp-content\/uploads\/2026\/01\/Future_Guide_Bildung-300x300.jpg 300w, https:\/\/www.steffi-woessner.de\/wp-content\/uploads\/2026\/01\/Future_Guide_Bildung-150x150.jpg 150w, https:\/\/www.steffi-woessner.de\/wp-content\/uploads\/2026\/01\/Future_Guide_Bildung-768x768.jpg 768w, https:\/\/www.steffi-woessner.de\/wp-content\/uploads\/2026\/01\/Future_Guide_Bildung-1536x1536.jpg 1536w, https:\/\/www.steffi-woessner.de\/wp-content\/uploads\/2026\/01\/Future_Guide_Bildung-184x184.jpg 184w, https:\/\/www.steffi-woessner.de\/wp-content\/uploads\/2026\/01\/Future_Guide_Bildung-280x280.jpg 280w, https:\/\/www.steffi-woessner.de\/wp-content\/uploads\/2026\/01\/Future_Guide_Bildung-560x560.jpg 560w, https:\/\/www.steffi-woessner.de\/wp-content\/uploads\/2026\/01\/Future_Guide_Bildung-1200x1200.jpg 1200w, https:\/\/www.steffi-woessner.de\/wp-content\/uploads\/2026\/01\/Future_Guide_Bildung-100x100.jpg 100w, https:\/\/www.steffi-woessner.de\/wp-content\/uploads\/2026\/01\/Future_Guide_Bildung.jpg 2001w\" sizes=\"(max-width: 900px) 100vw, 900px\" \/>\t\t\t\t\t\t\t\t\t\t\t\t\t\t\t<\/div>\n\t\t\t\t<div class=\"elementor-element elementor-element-ee65759 elementor-widget elementor-widget-text-editor\" data-id=\"ee65759\" data-element_type=\"widget\" data-e-type=\"widget\" data-widget_type=\"text-editor.default\">\n\t\t\t\t\t\t\t\t\t<p>Dans un monde qui \u00e9volue plus rapidement que jamais, l\u2019\u00e9ducation se trouve \u00e0 un moment charni\u00e8re. Comment concevoir l\u2019apprentissage de mani\u00e8re \u00e0 ne pas seulement r\u00e9pondre aux d\u00e9fis actuels, mais \u00e0 ouvrir activement des chemins vers un avenir vivable ?<\/p>\t\t\t\t\t\t\t\t<\/div>\n\t\t\t\t\t<\/div>\n\t\t\t\t<\/div>\n\t\t<div class=\"elementor-element elementor-element-59d8d77 e-flex e-con-boxed e-con e-parent\" data-id=\"59d8d77\" data-element_type=\"container\" data-e-type=\"container\">\n\t\t\t\t\t<div class=\"e-con-inner\">\n\t\t\t\t<div class=\"elementor-element elementor-element-63976e3 elementor-widget elementor-widget-text-editor\" data-id=\"63976e3\" data-element_type=\"widget\" data-e-type=\"widget\" data-widget_type=\"text-editor.default\">\n\t\t\t\t\t\t\t\t\t<p data-start=\"445\" data-end=\"635\">Le \u00ab Future:Guide \u00c9ducation \u00bb s\u2019inscrit dans les grandes transformations qui fa\u00e7onnent nos soci\u00e9t\u00e9s et montre comment l\u2019\u00e9ducation peut devenir une force cl\u00e9 pour construire ce qui vient.<\/p><p data-start=\"640\" data-end=\"873\">Il propose des strat\u00e9gies concr\u00e8tes pour permettre aux \u00e9coles, aux institutions et aux organisations de s\u2019appuyer sur les dynamiques de transformation afin de repenser l\u2019apprentissage de mani\u00e8re durable et orient\u00e9e vers l\u2019avenir.<\/p><p data-start=\"878\" data-end=\"1343\">Au c\u0153ur de l\u2019ouvrage se trouvent quatre m\u00e9ta-strat\u00e9gies qui montrent comment les mutations soci\u00e9tales \u00e0 grande \u00e9chelle peuvent devenir un point de d\u00e9part pour faire \u00e9voluer l\u2019\u00e9ducation. Vingt-trois exemples de bonnes pratiques donnent corps \u00e0 ces id\u00e9es et illustrent comment des approches telles que l&#8217;apprentissage par le jeu, la r\u00e9alit\u00e9 \u00e9tendue (XR) ou encore l\u2019intelligence artificielle peuvent \u00eatre int\u00e9gr\u00e9es de mani\u00e8re pertinente dans les pratiques \u00e9ducatives.<\/p><p data-start=\"1348\" data-end=\"1587\">Chacune de ces quatre m\u00e9ta-strat\u00e9gies est compl\u00e9t\u00e9e par un sc\u00e9nario prospectif qui explore comment le potentiel d\u2019un apprentissage orient\u00e9 vers l\u2019avenir pourrait se d\u00e9ployer \u00e0 l\u2019horizon 2035, si nous faisons aujourd\u2019hui les bons choix.<\/p><p data-start=\"1592\" data-end=\"1968\">L\u2019ouvrage s\u2019adresse \u00e0 toutes les personnes qui consid\u00e8rent l\u2019\u00e9ducation comme le fondement d\u2019une d\u00e9mocratie solide, d\u2019un avenir du travail r\u00e9silient et d\u2019une soci\u00e9t\u00e9 vivable : enseignant.es, directions d\u2019\u00e9tablissement, parents, universitaires, entreprises, acteurs et actrices de la formation continue, de la soci\u00e9t\u00e9 civile et responsables politiques \u2014 et surtout aux apprenants et apprenantes eux-m\u00eames.<\/p><p data-start=\"1973\" data-end=\"2249\">Le Future:Guide \u00c9ducation permet de comprendre que l\u2019\u00e9ducation ne consiste pas seulement \u00e0 pr\u00e9parer l\u2019avenir, mais \u00e0 donner aux jeunes les moyens de le fa\u00e7onner activement. La transformation dont notre syst\u00e8me \u00e9ducatif a urgemment besoin commence avec nous toutes et tous.<\/p>\t\t\t\t\t\t\t\t<\/div>\n\t\t\t\t\t<\/div>\n\t\t\t\t<\/div>\n\t\t<div class=\"elementor-element elementor-element-58c7266 e-grid e-con-boxed e-con e-parent\" data-id=\"58c7266\" data-element_type=\"container\" data-e-type=\"container\">\n\t\t\t\t\t<div class=\"e-con-inner\">\n\t\t\t\t<div class=\"elementor-element elementor-element-b9b3924 elementor-align-center elementor-widget elementor-widget-button\" data-id=\"b9b3924\" data-element_type=\"widget\" data-e-type=\"widget\" data-widget_type=\"button.default\">\n\t\t\t\t\t\t\t\t\t\t<a class=\"elementor-button elementor-button-link elementor-size-sm\" href=\"https:\/\/shop.thefutureproject.de\/products\/future-guide-bildung\">\n\t\t\t\t\t\t<span class=\"elementor-button-content-wrapper\">\n\t\t\t\t\t\t\t\t\t<span class=\"elementor-button-text\">Acheter<\/span>\n\t\t\t\t\t<\/span>\n\t\t\t\t\t<\/a>\n\t\t\t\t\t\t\t\t<\/div>\n\t\t\t\t<div class=\"elementor-element elementor-element-0cad244 elementor-align-center elementor-widget elementor-widget-button\" data-id=\"0cad244\" data-element_type=\"widget\" data-e-type=\"widget\" data-widget_type=\"button.default\">\n\t\t\t\t\t\t\t\t\t\t<a class=\"elementor-button elementor-button-link elementor-size-sm\" href=\"https:\/\/thefutureproject.de\/wp-content\/uploads\/2025\/01\/Future-Guide-Bildung-Leseprobe.pdf\">\n\t\t\t\t\t\t<span class=\"elementor-button-content-wrapper\">\n\t\t\t\t\t\t\t\t\t<span class=\"elementor-button-text\">Extrait<\/span>\n\t\t\t\t\t<\/span>\n\t\t\t\t\t<\/a>\n\t\t\t\t\t\t\t\t<\/div>\n\t\t\t\t<div class=\"elementor-element elementor-element-79b217c elementor-align-center elementor-widget elementor-widget-button\" data-id=\"79b217c\" data-element_type=\"widget\" data-e-type=\"widget\" data-widget_type=\"button.default\">\n\t\t\t\t\t\t\t\t\t\t<a class=\"elementor-button elementor-button-link elementor-size-sm\" href=\"https:\/\/thefutureproject.de\/bildung\/\">\n\t\t\t\t\t\t<span class=\"elementor-button-content-wrapper\">\n\t\t\t\t\t\t\t\t\t<span class=\"elementor-button-text\"> Articles<\/span>\n\t\t\t\t\t<\/span>\n\t\t\t\t\t<\/a>\n\t\t\t\t\t\t\t\t<\/div>\n\t\t\t\t\t<\/div>\n\t\t\t\t<\/div>\n\t\t\t\t<\/div>\n\t\t","protected":false},"excerpt":{"rendered":"<p>Future:Guide Education \u2013 Learning to Shape the Future Dans un monde qui \u00e9volue plus rapidement que jamais, l\u2019\u00e9ducation se trouve&#8230;<\/p>\n","protected":false},"author":2,"featured_media":0,"parent":0,"menu_order":0,"comment_status":"closed","ping_status":"closed","template":"template-elementor-builder.php","meta":{"_acf_changed":false,"footnotes":""},"class_list":["post-1269","page","type-page","status-publish","hentry"],"acf":[],"_links":{"self":[{"href":"https:\/\/www.steffi-woessner.de\/fr\/wp-json\/wp\/v2\/pages\/1269","targetHints":{"allow":["GET"]}}],"collection":[{"href":"https:\/\/www.steffi-woessner.de\/fr\/wp-json\/wp\/v2\/pages"}],"about":[{"href":"https:\/\/www.steffi-woessner.de\/fr\/wp-json\/wp\/v2\/types\/page"}],"author":[{"embeddable":true,"href":"https:\/\/www.steffi-woessner.de\/fr\/wp-json\/wp\/v2\/users\/2"}],"replies":[{"embeddable":true,"href":"https:\/\/www.steffi-woessner.de\/fr\/wp-json\/wp\/v2\/comments?post=1269"}],"version-history":[{"count":5,"href":"https:\/\/www.steffi-woessner.de\/fr\/wp-json\/wp\/v2\/pages\/1269\/revisions"}],"predecessor-version":[{"id":1352,"href":"https:\/\/www.steffi-woessner.de\/fr\/wp-json\/wp\/v2\/pages\/1269\/revisions\/1352"}],"wp:attachment":[{"href":"https:\/\/www.steffi-woessner.de\/fr\/wp-json\/wp\/v2\/media?parent=1269"}],"curies":[{"name":"wp","href":"https:\/\/api.w.org\/{rel}","templated":true}]}}