{"id":1267,"date":"2026-01-09T20:00:46","date_gmt":"2026-01-09T19:00:46","guid":{"rendered":"https:\/\/www.steffi-woessner.de\/un-apprentissage-tourne-vers-lavenir\/"},"modified":"2026-04-05T14:42:29","modified_gmt":"2026-04-05T12:42:29","slug":"un-apprentissage-tourne-vers-lavenir","status":"publish","type":"page","link":"https:\/\/www.steffi-woessner.de\/fr\/un-apprentissage-tourne-vers-lavenir\/","title":{"rendered":"Un apprentissage tourn\u00e9 vers l&#8217;avenir"},"content":{"rendered":"\t\t<div data-elementor-type=\"wp-page\" data-elementor-id=\"1267\" class=\"elementor elementor-1267 elementor-1098\">\n\t\t\t\t<div class=\"elementor-element elementor-element-fc2044b e-flex e-con-boxed e-con e-parent\" data-id=\"fc2044b\" data-element_type=\"container\" data-e-type=\"container\">\n\t\t\t\t\t<div class=\"e-con-inner\">\n\t\t\t\t<div class=\"elementor-element elementor-element-8ef1bb3 elementor-widget elementor-widget-ryancv-heading\" data-id=\"8ef1bb3\" data-element_type=\"widget\" data-e-type=\"widget\" data-widget_type=\"ryancv-heading.default\">\n\t\t\t\t<div class=\"elementor-widget-container\">\n\t\t\t\t\t\n\t\t<!-- Heading -->\n\t\t<div class=\"content custom-text\">\n\n\t\t\t\t\t\t<!-- title -->\n\t\t\t<h2 class=\"title\">\n\t\t\t\t<span >Comment je peux vous aider<\/span>\n\t\t\t<\/h2>\n\t\t\t\n\t\t<\/div>\n\n\t\t\t\t\t\t<\/div>\n\t\t\t\t<\/div>\n\t\t\t\t\t<\/div>\n\t\t\t\t<\/div>\n\t\t<div class=\"elementor-element elementor-element-b51eb87 e-flex e-con-boxed e-con e-parent\" data-id=\"b51eb87\" data-element_type=\"container\" data-e-type=\"container\">\n\t\t\t\t\t<div class=\"e-con-inner\">\n\t\t\t\t<div class=\"elementor-element elementor-element-05dbe7b elementor-widget elementor-widget-text-editor\" data-id=\"05dbe7b\" data-element_type=\"widget\" data-e-type=\"widget\" data-widget_type=\"text-editor.default\">\n\t\t\t\t\t\t\t\t\t<p>Je suis convaincu que l&#8217;\u00e9ducation est le levier le plus puissant dont nous disposons pour cr\u00e9er un avenir vivable, inclusif, diversifi\u00e9 et d\u00e9mocratique. Mais pour y parvenir, il faudra plus que des r\u00e9formes, il faudra une v\u00e9ritable transformation. Nous devons repenser l&#8217;apprentissage \u00e0 un niveau syst\u00e9mique et culturel, ensemble.  <\/p><p>Pour moi, l&#8217;apprentissage orient\u00e9 vers l&#8217;avenir signifie concevoir l&#8217;apprentissage de mani\u00e8re \u00e0 permettre l&#8217;autod\u00e9termination, \u00e0 lib\u00e9rer le potentiel humain et \u00e0 relever les d\u00e9fis mondiaux avec cr\u00e9ativit\u00e9, courage et solidarit\u00e9. Il ne s&#8217;agit pas d&#8217;une question d&#8217;outils, mais d&#8217;un \u00e9tat d&#8217;esprit \u00e0 une \u00e9poque de profonds changements soci\u00e9taux. Il ne s&#8217;agit pas de la technologie comme une fin en soi, mais de la technologie qui \u00e9largit ce que signifie \u00eatre humain. Il ne s&#8217;agit pas d&#8217;enseignement traditionnel, mais d&#8217;environnements d&#8217;apprentissage qui font place aux relations, \u00e0 la responsabilit\u00e9 et au jeu.  <\/p><p>Mon objectif est de contribuer \u00e0 fa\u00e7onner un avenir num\u00e9rique et humain, dans lequel la technologie ne remplace pas les personnes, mais les renforce. Un avenir dans lequel des environnements d&#8217;apprentissage bien con\u00e7us favorisent l&#8217;apprentissage autod\u00e9termin\u00e9, tout au long de la vie et ludique, afin que nous puissions faire face \u00e0 la complexit\u00e9 de notre \u00e9poque et fa\u00e7onner l&#8217;avenir ensemble.  <\/p><p>Cette perspective s&#8217;est d\u00e9velopp\u00e9e au fil de nombreuses ann\u00e9es &#8211; fa\u00e7onn\u00e9e par pr\u00e8s de deux d\u00e9cennies pass\u00e9es dans l&#8217;\u00e9ducation et par une simple prise de conscience : la transformation n&#8217;est jamais un acte solitaire. Elle a besoin d&#8217;espace, de dialogue et d&#8217;exp\u00e9rimentation partag\u00e9e.  <\/p><p>C&#8217;est pourquoi je suis heureuse de travailler avec vous, que ce soit par le biais d&#8217;une conf\u00e9rence, d&#8217;un atelier, d&#8217;un conseil ou de la facilitation d&#8217;un projet. Au centre, des approches d&#8217;apprentissage orient\u00e9es vers l&#8217;avenir qui invitent les gens \u00e0 consid\u00e9rer l&#8217;\u00e9ducation comme un processus de co-cr\u00e9ation et \u00e0 \u00e9largir leur propre champ d&#8217;action.  <\/p><p>Vous trouverez ci-dessous une s\u00e9lection de domaines d&#8217;intervention. Si votre sujet ne figure pas dans la liste, n&#8217;h\u00e9sitez pas \u00e0 me contacter &#8211; j&#8217;aime me d\u00e9velopper en relevant de nouveaux d\u00e9fis.  <\/p>\t\t\t\t\t\t\t\t<\/div>\n\t\t\t\t\t<\/div>\n\t\t\t\t<\/div>\n\t\t<div class=\"elementor-element elementor-element-c1082e4 e-flex e-con-boxed e-con e-parent\" data-id=\"c1082e4\" data-element_type=\"container\" data-e-type=\"container\">\n\t\t\t\t\t<div class=\"e-con-inner\">\n\t\t\t\t<div class=\"elementor-element elementor-element-888c75e elementor-widget elementor-widget-ryancv-skills\" data-id=\"888c75e\" data-element_type=\"widget\" data-e-type=\"widget\" data-widget_type=\"ryancv-skills.default\">\n\t\t\t\t<div class=\"elementor-widget-container\">\n\t\t\t\t\t\n\t\t<!-- skill item -->\n\t\t<div class=\"skills-item\">\n\t\t\t<div class=\"skills-list list\">\n\t\t\t\t\t\t\t\t<div class=\"skill-title border-line-h\">\n\t\t\t\t\t\t\t\t\t\t<div class=\"icon\">\n\t\t\t\t\t\t\t\t\t\t\t\t<svg aria-hidden=\"true\" class=\"e-font-icon-svg e-far-handshake\" viewBox=\"0 0 640 512\" xmlns=\"http:\/\/www.w3.org\/2000\/svg\"><path d=\"M519.2 127.9l-47.6-47.6A56.252 56.252 0 0 0 432 64H205.2c-14.8 0-29.1 5.9-39.6 16.3L118 127.9H0v255.7h64c17.6 0 31.8-14.2 31.9-31.7h9.1l84.6 76.4c30.9 25.1 73.8 25.7 105.6 3.8 12.5 10.8 26 15.9 41.1 15.9 18.2 0 35.3-7.4 48.8-24 22.1 8.7 48.2 2.6 64-16.8l26.2-32.3c5.6-6.9 9.1-14.8 10.9-23h57.9c.1 17.5 14.4 31.7 31.9 31.7h64V127.9H519.2zM48 351.6c-8.8 0-16-7.2-16-16s7.2-16 16-16 16 7.2 16 16c0 8.9-7.2 16-16 16zm390-6.9l-26.1 32.2c-2.8 3.4-7.8 4-11.3 1.2l-23.9-19.4-30 36.5c-6 7.3-15 4.8-18 2.4l-36.8-31.5-15.6 19.2c-13.9 17.1-39.2 19.7-55.3 6.6l-97.3-88H96V175.8h41.9l61.7-61.6c2-.8 3.7-1.5 5.7-2.3H262l-38.7 35.5c-29.4 26.9-31.1 72.3-4.4 101.3 14.8 16.2 61.2 41.2 101.5 4.4l8.2-7.5 108.2 87.8c3.4 2.8 3.9 7.9 1.2 11.3zm106-40.8h-69.2c-2.3-2.8-4.9-5.4-7.7-7.7l-102.7-83.4 12.5-11.4c6.5-6 7-16.1 1-22.6L367 167.1c-6-6.5-16.1-6.9-22.6-1l-55.2 50.6c-9.5 8.7-25.7 9.4-34.6 0-9.3-9.9-8.5-25.1 1.2-33.9l65.6-60.1c7.4-6.8 17-10.5 27-10.5l83.7-.2c2.1 0 4.1.8 5.5 2.3l61.7 61.6H544v128zm48 47.7c-8.8 0-16-7.2-16-16s7.2-16 16-16 16 7.2 16 16c0 8.9-7.2 16-16 16z\"><\/path><\/svg>\t\t\t\t\t\t\t\t\t\t\t<\/div>\n\t\t\t\t\t\t\t\t\t\t<div class=\"name\">\n\t\t\t\t\t\t<span >Domaines d'intervention<\/span>\n\t\t\t\t\t<\/div>\n\t\t\t\t<\/div>\n\t\t\t\t\n\t\t\t\t\t\t\t\t<ul>\n\t\t\t\t\t\t\t\t\t\t\t\t\t\t\t<li class=\"border-line-h\">\n\t\t\t\t\t\t\t\t\t\t\t\t\t\t\t\t\t\t\t\t\t\t\t\t<div class=\"name\">\n\t\t\t\t\t\t\t<span >\n\t\t\t\t\t\t\t\tTransformation et \u00e9ducation centr\u00e9es sur l'homme\t\t\t\t\t\t\t<\/span>\n\t\t\t\t\t\t<\/div>\n\t\t\t\t\t\t\t\t\t\t\t\t<div class=\"progress \">\n\t\t\t\t\t\t\t<div class=\"percentage\" style=\"width:99%;\"><\/div>\n\t\t\t\t\t\t\t\t\t\t\t\t\t\t\t\t\t\t\t\t<\/div>\n\t\t\t\t\t\t\t\t\t\t\t<\/li>\n\t\t\t\t\t\t\t\t\t\t\t\t\t\t\t<li class=\"border-line-h\">\n\t\t\t\t\t\t\t\t\t\t\t\t\t\t\t\t\t\t\t\t\t\t\t\t<div class=\"name\">\n\t\t\t\t\t\t\t<span >\n\t\t\t\t\t\t\t\tL'avenir de l'apprentissage\t\t\t\t\t\t\t<\/span>\n\t\t\t\t\t\t<\/div>\n\t\t\t\t\t\t\t\t\t\t\t\t<div class=\"progress \">\n\t\t\t\t\t\t\t<div class=\"percentage\" style=\"width:99%;\"><\/div>\n\t\t\t\t\t\t\t\t\t\t\t\t\t\t\t\t\t\t\t\t<\/div>\n\t\t\t\t\t\t\t\t\t\t\t<\/li>\n\t\t\t\t\t\t\t\t\t\t\t\t\t\t\t<li class=\"border-line-h\">\n\t\t\t\t\t\t\t\t\t\t\t\t\t\t\t\t\t\t\t\t\t\t\t\t<div class=\"name\">\n\t\t\t\t\t\t\t<span >\n\t\t\t\t\t\t\t\tLa r\u00e9alit\u00e9 \u00e9tendue dans l'\u00e9ducation\t\t\t\t\t\t\t<\/span>\n\t\t\t\t\t\t<\/div>\n\t\t\t\t\t\t\t\t\t\t\t\t<div class=\"progress \">\n\t\t\t\t\t\t\t<div class=\"percentage\" style=\"width:99%;\"><\/div>\n\t\t\t\t\t\t\t\t\t\t\t\t\t\t\t\t\t\t\t\t<\/div>\n\t\t\t\t\t\t\t\t\t\t\t<\/li>\n\t\t\t\t\t\t\t\t\t\t\t\t\t\t\t<li class=\"border-line-h\">\n\t\t\t\t\t\t\t\t\t\t\t\t\t\t\t\t\t\t\t\t\t\t\t\t<div class=\"name\">\n\t\t\t\t\t\t\t<span >\n\t\t\t\t\t\t\t\tMondes virtuels et m\u00e9tavers\t\t\t\t\t\t\t<\/span>\n\t\t\t\t\t\t<\/div>\n\t\t\t\t\t\t\t\t\t\t\t\t<div class=\"progress \">\n\t\t\t\t\t\t\t<div class=\"percentage\" style=\"width:99%;\"><\/div>\n\t\t\t\t\t\t\t\t\t\t\t\t\t\t\t\t\t\t\t\t<\/div>\n\t\t\t\t\t\t\t\t\t\t\t<\/li>\n\t\t\t\t\t\t\t\t\t\t\t\t\t\t\t<li class=\"border-line-h\">\n\t\t\t\t\t\t\t\t\t\t\t\t\t\t\t\t\t\t\t\t\t\t\t\t<div class=\"name\">\n\t\t\t\t\t\t\t<span >\n\t\t\t\t\t\t\t\tDesign Thinking &amp; Futures Thinking\t\t\t\t\t\t\t<\/span>\n\t\t\t\t\t\t<\/div>\n\t\t\t\t\t\t\t\t\t\t\t\t<div class=\"progress \">\n\t\t\t\t\t\t\t<div class=\"percentage\" style=\"width:99%;\"><\/div>\n\t\t\t\t\t\t\t\t\t\t\t\t\t\t\t\t\t\t\t\t<\/div>\n\t\t\t\t\t\t\t\t\t\t\t<\/li>\n\t\t\t\t\t\t\t\t\t\t\t\t\t\t\t<li class=\"border-line-h\">\n\t\t\t\t\t\t\t\t\t\t\t\t\t\t\t\t\t\t\t\t\t\t\t\t<div class=\"name\">\n\t\t\t\t\t\t\t<span >\n\t\t\t\t\t\t\t\tApprentissage des langues bas\u00e9 sur les comp\u00e9tences\t\t\t\t\t\t\t<\/span>\n\t\t\t\t\t\t<\/div>\n\t\t\t\t\t\t\t\t\t\t\t\t<div class=\"progress \">\n\t\t\t\t\t\t\t<div class=\"percentage\" style=\"width:99%;\"><\/div>\n\t\t\t\t\t\t\t\t\t\t\t\t\t\t\t\t\t\t\t\t<\/div>\n\t\t\t\t\t\t\t\t\t\t\t<\/li>\n\t\t\t\t\t\t\t\t\t\t\t\t\t\t\t<li class=\"border-line-h\">\n\t\t\t\t\t\t\t\t\t\t\t\t\t\t\t\t\t\t\t\t\t\t\t\t<div class=\"name\">\n\t\t\t\t\t\t\t<span >\n\t\t\t\t\t\t\t\tApprentissage bas\u00e9 sur des projets et des jeux\t\t\t\t\t\t\t<\/span>\n\t\t\t\t\t\t<\/div>\n\t\t\t\t\t\t\t\t\t\t\t\t<div class=\"progress \">\n\t\t\t\t\t\t\t<div class=\"percentage\" style=\"width:99%;\"><\/div>\n\t\t\t\t\t\t\t\t\t\t\t\t\t\t\t\t\t\t\t\t<\/div>\n\t\t\t\t\t\t\t\t\t\t\t<\/li>\n\t\t\t\t\t\t\t\t\t\t\t\t\t\t\t<li class=\"border-line-h\">\n\t\t\t\t\t\t\t\t\t\t\t\t\t\t\t\t\t\t\t\t\t\t\t\t<div class=\"name\">\n\t\t\t\t\t\t\t<span >\n\t\t\t\t\t\t\t\tIntelligence artificielle<br>\t\t\t\t\t\t\t<\/span>\n\t\t\t\t\t\t<\/div>\n\t\t\t\t\t\t\t\t\t\t\t\t<div class=\"progress \">\n\t\t\t\t\t\t\t<div class=\"percentage\" style=\"width:99%;\"><\/div>\n\t\t\t\t\t\t\t\t\t\t\t\t\t\t\t\t\t\t\t\t<\/div>\n\t\t\t\t\t\t\t\t\t\t\t<\/li>\n\t\t\t\t\t\t\t\t\t\t\t\t\t\t\t<li class=\"border-line-h\">\n\t\t\t\t\t\t\t\t\t\t\t\t\t\t\t\t\t\t\t\t\t\t\t\t<div class=\"name\">\n\t\t\t\t\t\t\t<span >\n\t\t\t\t\t\t\t\tD\u00e9veloppement durable\t\t\t\t\t\t\t<\/span>\n\t\t\t\t\t\t<\/div>\n\t\t\t\t\t\t\t\t\t\t\t\t<div class=\"progress \">\n\t\t\t\t\t\t\t<div class=\"percentage\" style=\"width:99%;\"><\/div>\n\t\t\t\t\t\t\t\t\t\t\t\t\t\t\t\t\t\t\t\t<\/div>\n\t\t\t\t\t\t\t\t\t\t\t<\/li>\n\t\t\t\t\t\t\t\t\t\t\t\t\t\t\t<li class=\"border-line-h\">\n\t\t\t\t\t\t\t\t\t\t\t\t\t\t\t\t\t\t\t\t\t\t\t\t<div class=\"name\">\n\t\t\t\t\t\t\t<span >\n\t\t\t\t\t\t\t\tCroissance personnelle et capacit\u00e9 d'agir\t\t\t\t\t\t\t<\/span>\n\t\t\t\t\t\t<\/div>\n\t\t\t\t\t\t\t\t\t\t\t\t<div class=\"progress \">\n\t\t\t\t\t\t\t<div class=\"percentage\" style=\"width:99%;\"><\/div>\n\t\t\t\t\t\t\t\t\t\t\t\t\t\t\t\t\t\t\t\t<\/div>\n\t\t\t\t\t\t\t\t\t\t\t<\/li>\n\t\t\t\t\t\t\t\t\t\t\t\t\t\t\t<li class=\"border-line-h\">\n\t\t\t\t\t\t\t\t\t\t\t\t\t\t\t\t\t\t\t\t\t\t\t\t<div class=\"name\">\n\t\t\t\t\t\t\t<span >\n\t\t\t\t\t\t\t\tEnvironnements d'apprentissage tourn\u00e9s vers l'avenir\t\t\t\t\t\t\t<\/span>\n\t\t\t\t\t\t<\/div>\n\t\t\t\t\t\t\t\t\t\t\t\t<div class=\"progress \">\n\t\t\t\t\t\t\t<div class=\"percentage\" style=\"width:99%;\"><\/div>\n\t\t\t\t\t\t\t\t\t\t\t\t\t\t\t\t\t\t\t\t<\/div>\n\t\t\t\t\t\t\t\t\t\t\t<\/li>\n\t\t\t\t\t\t\t\t\t<\/ul>\n\t\t\t\t\t\t\t<\/div>\n\t\t<\/div>\n\n\t\t\t\t\t\t<\/div>\n\t\t\t\t<\/div>\n\t\t\t\t\t<\/div>\n\t\t\t\t<\/div>\n\t\t<div class=\"elementor-element elementor-element-b6e7e08 e-flex e-con-boxed e-con e-parent\" data-id=\"b6e7e08\" data-element_type=\"container\" data-e-type=\"container\">\n\t\t\t\t\t<div class=\"e-con-inner\">\n\t\t\t\t<div class=\"elementor-element elementor-element-281dc63 elementor-widget elementor-widget-ryancv-quote\" data-id=\"281dc63\" data-element_type=\"widget\" data-e-type=\"widget\" data-widget_type=\"ryancv-quote.default\">\n\t\t\t\t<div class=\"elementor-widget-container\">\n\t\t\t\t\t\n\t\t<!-- Quote -->\n\n\t\t<div class=\"content quote\">\n\n\t\t\t\n\t\t\t<!-- content -->\n\t\t\t<div class=\"row\">\n\t\t\t\t<div class=\"col col-d-12 col-t-12 col-m-12 border-line-v\">\n\t\t\t\t\t<div class=\"revs-item\">\n\t\t\t\t\t\t\t\t\t\t\t\t<div class=\"text\">\n\t\t\t\t\t\t\t<div >\n\t\t\t\t\t\t\t\tLe pass\u00e9 est \u00e9crit, mais il nous reste \u00e0 \u00e9crire l'avenir.\t\t\t\t\t\t\t<\/div>\n\t\t\t\t\t\t<\/div>\n\t\t\t\t\t\t\t\t\t\t\t\t<div class=\"user\">\n\t\t\t\t\t\t\t\t\t\t\t\t\t\t<div class=\"info\">\n\t\t\t\t\t\t\t\t\t\t\t\t\t\t\t\t<div class=\"name\">Jean-Luc Picard<\/div>\n\t\t\t\t\t\t\t\t\t\t\t\t\t\t\t\t\t\t\t\t\t\t\t<\/div>\n\t\t\t\t\t\t\t<div class=\"clear\"><\/div>\n\t\t\t\t\t\t<\/div>\n\t\t\t\t\t<\/div>\n\t\t\t\t<\/div>\n\t\t\t\t<div class=\"clear\"><\/div>\n\t\t\t<\/div>\n\n\t\t<\/div>\n\n\t\t\t\t\t\t<\/div>\n\t\t\t\t<\/div>\n\t\t\t\t\t<\/div>\n\t\t\t\t<\/div>\n\t\t\t\t<\/div>\n\t\t","protected":false},"excerpt":{"rendered":"<p>Comment je peux vous aider Je suis convaincu que l&#8217;\u00e9ducation est le levier le plus puissant dont nous disposons pour&#8230;<\/p>\n","protected":false},"author":2,"featured_media":0,"parent":0,"menu_order":0,"comment_status":"closed","ping_status":"closed","template":"template-elementor-builder.php","meta":{"_acf_changed":false,"footnotes":""},"class_list":["post-1267","page","type-page","status-publish","hentry"],"acf":[],"_links":{"self":[{"href":"https:\/\/www.steffi-woessner.de\/fr\/wp-json\/wp\/v2\/pages\/1267","targetHints":{"allow":["GET"]}}],"collection":[{"href":"https:\/\/www.steffi-woessner.de\/fr\/wp-json\/wp\/v2\/pages"}],"about":[{"href":"https:\/\/www.steffi-woessner.de\/fr\/wp-json\/wp\/v2\/types\/page"}],"author":[{"embeddable":true,"href":"https:\/\/www.steffi-woessner.de\/fr\/wp-json\/wp\/v2\/users\/2"}],"replies":[{"embeddable":true,"href":"https:\/\/www.steffi-woessner.de\/fr\/wp-json\/wp\/v2\/comments?post=1267"}],"version-history":[{"count":1,"href":"https:\/\/www.steffi-woessner.de\/fr\/wp-json\/wp\/v2\/pages\/1267\/revisions"}],"predecessor-version":[{"id":1268,"href":"https:\/\/www.steffi-woessner.de\/fr\/wp-json\/wp\/v2\/pages\/1267\/revisions\/1268"}],"wp:attachment":[{"href":"https:\/\/www.steffi-woessner.de\/fr\/wp-json\/wp\/v2\/media?parent=1267"}],"curies":[{"name":"wp","href":"https:\/\/api.w.org\/{rel}","templated":true}]}}