{"id":1263,"date":"2026-01-09T20:02:41","date_gmt":"2026-01-09T19:02:41","guid":{"rendered":"https:\/\/www.steffi-woessner.de\/equateur\/"},"modified":"2026-04-05T14:36:46","modified_gmt":"2026-04-05T12:36:46","slug":"equateur","status":"publish","type":"page","link":"https:\/\/www.steffi-woessner.de\/fr\/equateur\/","title":{"rendered":"\u00c9quateur"},"content":{"rendered":"\t\t<div data-elementor-type=\"wp-page\" data-elementor-id=\"1263\" class=\"elementor elementor-1263 elementor-1107\">\n\t\t\t\t\t\t<section class=\"elementor-section elementor-top-section elementor-element elementor-element-59895bb elementor-section-full_width elementor-section-height-default elementor-section-height-default\" data-id=\"59895bb\" data-element_type=\"section\" data-e-type=\"section\">\n\t\t\t\t\t\t<div class=\"elementor-container elementor-column-gap-no\">\n\t\t\t\t\t<div class=\"elementor-column elementor-col-100 elementor-top-column elementor-element elementor-element-be20ba8\" data-id=\"be20ba8\" data-element_type=\"column\" data-e-type=\"column\">\n\t\t\t<div class=\"elementor-widget-wrap elementor-element-populated\">\n\t\t\t\t\t\t<div class=\"elementor-element elementor-element-26b97d8 elementor-widget elementor-widget-ryancv-custom-text\" data-id=\"26b97d8\" data-element_type=\"widget\" data-e-type=\"widget\" data-widget_type=\"ryancv-custom-text.default\">\n\t\t\t\t<div class=\"elementor-widget-container\">\n\t\t\t\t\t\n\t\t<!-- Custom Text -->\n\t\t<div class=\"content custom-text\">\n\n\t\t\t\t\t\t<!-- title -->\n\t\t\t<div class=\"title\">\n\t\t\t\t<span >Les filles que je parraine en \u00c9quateur<\/span>\n\t\t\t<\/div>\n\t\t\t\n\t\t\t\t\t<\/div>\n\n\t\t\t\t\t\t<\/div>\n\t\t\t\t<\/div>\n\t\t\t\t\t<\/div>\n\t\t<\/div>\n\t\t\t\t\t<\/div>\n\t\t<\/section>\n\t\t<div class=\"elementor-element elementor-element-e7de6db e-grid e-con-boxed e-con e-parent\" data-id=\"e7de6db\" data-element_type=\"container\" data-e-type=\"container\">\n\t\t\t\t\t<div class=\"e-con-inner\">\n\t\t\t\t<div class=\"elementor-element elementor-element-3436408 elementor-widget elementor-widget-image\" data-id=\"3436408\" data-element_type=\"widget\" data-e-type=\"widget\" data-widget_type=\"image.default\">\n\t\t\t\t\t\t\t\t\t\t\t\t<figure class=\"wp-caption\">\n\t\t\t\t\t\t\t\t\t\t<img fetchpriority=\"high\" decoding=\"async\" width=\"480\" height=\"800\" src=\"https:\/\/www.steffi-woessner.de\/wp-content\/uploads\/2026\/01\/America.png\" class=\"attachment-large size-large wp-image-1265\" alt=\"\" srcset=\"https:\/\/www.steffi-woessner.de\/wp-content\/uploads\/2026\/01\/America.png 480w, https:\/\/www.steffi-woessner.de\/wp-content\/uploads\/2026\/01\/America-180x300.png 180w, https:\/\/www.steffi-woessner.de\/wp-content\/uploads\/2026\/01\/America-184x307.png 184w, https:\/\/www.steffi-woessner.de\/wp-content\/uploads\/2026\/01\/America-300x500.png 300w\" sizes=\"(max-width: 480px) 100vw, 480px\" \/>\t\t\t\t\t\t\t\t\t\t\t<figcaption class=\"widget-image-caption wp-caption-text\">Am\u00e9rica, la premi\u00e8re fille que j'ai parrain\u00e9e et qui s'est mari\u00e9e \u00e0 18 ans<\/figcaption>\n\t\t\t\t\t\t\t\t\t\t<\/figure>\n\t\t\t\t\t\t\t\t\t<\/div>\n\t\t\t\t<div class=\"elementor-element elementor-element-21196bf elementor-widget elementor-widget-text-editor\" data-id=\"21196bf\" data-element_type=\"widget\" data-e-type=\"widget\" data-widget_type=\"text-editor.default\">\n\t\t\t\t\t\t\t\t\t<p>L&#8217;\u00e9ducation est la promesse d&#8217;un bon avenir. C&#8217;est particuli\u00e8rement vrai pour les pays les moins favoris\u00e9s. C&#8217;est pourquoi je parraine des jeunes filles en \u00c9quateur. Je veux qu&#8217;elles aient une bonne \u00e9ducation et donc la possibilit\u00e9 d&#8217;avoir un bon avenir. Nataly et Sarai vivent dans un petit village dans les Andes avec leurs familles et m&#8217;\u00e9crivent plusieurs fois par an de petites lettres pour me remercier de mon engagement. <\/p><p>Je parraine les filles par l&#8217;interm\u00e9diaire d&#8217;une petite association allemande appel\u00e9e Andenkinder e.V. (traduction : enfants des Andes) bas\u00e9e \u00e0 Karlsruhe, en Allemagne. Il \u00e9tait essentiel pour moi que l&#8217;argent que j&#8217;envoie aux filles leur parvienne directement et int\u00e9gralement, ce qui peut \u00eatre fait plus facilement par une petite association que par une grande organisation.  <\/p>\t\t\t\t\t\t\t\t<\/div>\n\t\t\t\t<div class=\"elementor-element elementor-element-e60d9cf elementor-widget elementor-widget-image\" data-id=\"e60d9cf\" data-element_type=\"widget\" data-e-type=\"widget\" data-widget_type=\"image.default\">\n\t\t\t\t\t\t\t\t\t\t\t\t<figure class=\"wp-caption\">\n\t\t\t\t\t\t\t\t\t\t<img decoding=\"async\" width=\"480\" height=\"800\" src=\"https:\/\/www.steffi-woessner.de\/wp-content\/uploads\/2026\/01\/Josseline.png\" class=\"attachment-large size-large wp-image-1264\" alt=\"\" srcset=\"https:\/\/www.steffi-woessner.de\/wp-content\/uploads\/2026\/01\/Josseline.png 480w, https:\/\/www.steffi-woessner.de\/wp-content\/uploads\/2026\/01\/Josseline-180x300.png 180w, https:\/\/www.steffi-woessner.de\/wp-content\/uploads\/2026\/01\/Josseline-184x307.png 184w, https:\/\/www.steffi-woessner.de\/wp-content\/uploads\/2026\/01\/Josseline-300x500.png 300w\" sizes=\"(max-width: 480px) 100vw, 480px\" \/>\t\t\t\t\t\t\t\t\t\t\t<figcaption class=\"widget-image-caption wp-caption-text\">Josseline, la deuxi\u00e8me fille que j'ai parrain\u00e9e et dont je parraine actuellement la s\u0153ur Sarai.<\/figcaption>\n\t\t\t\t\t\t\t\t\t\t<\/figure>\n\t\t\t\t\t\t\t\t\t<\/div>\n\t\t\t\t\t<\/div>\n\t\t\t\t<\/div>\n\t\t<div class=\"elementor-element elementor-element-bcfdf16 e-flex e-con-boxed e-con e-parent\" data-id=\"bcfdf16\" data-element_type=\"container\" data-e-type=\"container\">\n\t\t\t\t\t<div class=\"e-con-inner\">\n\t\t\t\t<div class=\"elementor-element elementor-element-03d489e elementor-align-center elementor-widget elementor-widget-button\" data-id=\"03d489e\" data-element_type=\"widget\" data-e-type=\"widget\" data-widget_type=\"button.default\">\n\t\t\t\t\t\t\t\t\t\t<a class=\"elementor-button elementor-button-link elementor-size-sm\" href=\"http:\/\/andenkinder.de\/\">\n\t\t\t\t\t\t<span class=\"elementor-button-content-wrapper\">\n\t\t\t\t\t\t\t\t\t<span class=\"elementor-button-text\">Andenkinder e.V.<\/span>\n\t\t\t\t\t<\/span>\n\t\t\t\t\t<\/a>\n\t\t\t\t\t\t\t\t<\/div>\n\t\t\t\t\t<\/div>\n\t\t\t\t<\/div>\n\t\t<div class=\"elementor-element elementor-element-6ec8031 e-flex e-con-boxed e-con e-parent\" data-id=\"6ec8031\" data-element_type=\"container\" data-e-type=\"container\">\n\t\t\t\t\t<div class=\"e-con-inner\">\n\t\t\t\t<div class=\"elementor-element elementor-element-5775d02 elementor-widget elementor-widget-ryancv-quote\" data-id=\"5775d02\" data-element_type=\"widget\" data-e-type=\"widget\" data-widget_type=\"ryancv-quote.default\">\n\t\t\t\t<div class=\"elementor-widget-container\">\n\t\t\t\t\t\n\t\t<!-- Quote -->\n\n\t\t<div class=\"content quote\">\n\n\t\t\t\n\t\t\t<!-- content -->\n\t\t\t<div class=\"row\">\n\t\t\t\t<div class=\"col col-d-12 col-t-12 col-m-12 border-line-v\">\n\t\t\t\t\t<div class=\"revs-item\">\n\t\t\t\t\t\t\t\t\t\t\t\t<div class=\"text\">\n\t\t\t\t\t\t\t<div >\n\t\t\t\t\t\t\t\tL'\u00e9ducation est l'arme la plus puissante que vous puissiez utiliser pour changer le monde.\t\t\t\t\t\t\t<\/div>\n\t\t\t\t\t\t<\/div>\n\t\t\t\t\t\t\t\t\t\t\t\t<div class=\"user\">\n\t\t\t\t\t\t\t\t\t\t\t\t\t\t<div class=\"info\">\n\t\t\t\t\t\t\t\t\t\t\t\t\t\t\t\t<div class=\"name\">Nelson Mandela<\/div>\n\t\t\t\t\t\t\t\t\t\t\t\t\t\t\t\t\t\t\t\t\t\t\t<\/div>\n\t\t\t\t\t\t\t<div class=\"clear\"><\/div>\n\t\t\t\t\t\t<\/div>\n\t\t\t\t\t<\/div>\n\t\t\t\t<\/div>\n\t\t\t\t<div class=\"clear\"><\/div>\n\t\t\t<\/div>\n\n\t\t<\/div>\n\n\t\t\t\t\t\t<\/div>\n\t\t\t\t<\/div>\n\t\t\t\t\t<\/div>\n\t\t\t\t<\/div>\n\t\t\t\t<\/div>\n\t\t","protected":false},"excerpt":{"rendered":"<p>Les filles que je parraine en \u00c9quateur Am\u00e9rica, la premi\u00e8re fille que j&#8217;ai parrain\u00e9e et qui s&#8217;est mari\u00e9e \u00e0 18&#8230;<\/p>\n","protected":false},"author":2,"featured_media":0,"parent":0,"menu_order":0,"comment_status":"closed","ping_status":"closed","template":"template-elementor-builder.php","meta":{"_acf_changed":false,"footnotes":""},"class_list":["post-1263","page","type-page","status-publish","hentry"],"acf":[],"_links":{"self":[{"href":"https:\/\/www.steffi-woessner.de\/fr\/wp-json\/wp\/v2\/pages\/1263","targetHints":{"allow":["GET"]}}],"collection":[{"href":"https:\/\/www.steffi-woessner.de\/fr\/wp-json\/wp\/v2\/pages"}],"about":[{"href":"https:\/\/www.steffi-woessner.de\/fr\/wp-json\/wp\/v2\/types\/page"}],"author":[{"embeddable":true,"href":"https:\/\/www.steffi-woessner.de\/fr\/wp-json\/wp\/v2\/users\/2"}],"replies":[{"embeddable":true,"href":"https:\/\/www.steffi-woessner.de\/fr\/wp-json\/wp\/v2\/comments?post=1263"}],"version-history":[{"count":1,"href":"https:\/\/www.steffi-woessner.de\/fr\/wp-json\/wp\/v2\/pages\/1263\/revisions"}],"predecessor-version":[{"id":1266,"href":"https:\/\/www.steffi-woessner.de\/fr\/wp-json\/wp\/v2\/pages\/1263\/revisions\/1266"}],"wp:attachment":[{"href":"https:\/\/www.steffi-woessner.de\/fr\/wp-json\/wp\/v2\/media?parent=1263"}],"curies":[{"name":"wp","href":"https:\/\/api.w.org\/{rel}","templated":true}]}}