{"id":1248,"date":"2026-01-09T20:02:15","date_gmt":"2026-01-09T19:02:15","guid":{"rendered":"https:\/\/www.steffi-woessner.de\/alias\/"},"modified":"2026-04-05T14:24:32","modified_gmt":"2026-04-05T12:24:32","slug":"alias","status":"publish","type":"page","link":"https:\/\/www.steffi-woessner.de\/fr\/alias\/","title":{"rendered":"Alias"},"content":{"rendered":"\t\t<div data-elementor-type=\"wp-page\" data-elementor-id=\"1248\" class=\"elementor elementor-1248 elementor-1103\">\n\t\t\t\t\t\t<section class=\"elementor-section elementor-top-section elementor-element elementor-element-59895bb elementor-section-full_width elementor-section-height-default elementor-section-height-default\" data-id=\"59895bb\" data-element_type=\"section\" data-e-type=\"section\">\n\t\t\t\t\t\t<div class=\"elementor-container elementor-column-gap-no\">\n\t\t\t\t\t<div class=\"elementor-column elementor-col-100 elementor-top-column elementor-element elementor-element-be20ba8\" data-id=\"be20ba8\" data-element_type=\"column\" data-e-type=\"column\">\n\t\t\t<div class=\"elementor-widget-wrap elementor-element-populated\">\n\t\t\t\t\t\t<div class=\"elementor-element elementor-element-26b97d8 elementor-widget elementor-widget-ryancv-custom-text\" data-id=\"26b97d8\" data-element_type=\"widget\" data-e-type=\"widget\" data-widget_type=\"ryancv-custom-text.default\">\n\t\t\t\t<div class=\"elementor-widget-container\">\n\t\t\t\t\t\n\t\t<!-- Custom Text -->\n\t\t<div class=\"content custom-text\">\n\n\t\t\t\t\t\t<!-- title -->\n\t\t\t<div class=\"title\">\n\t\t\t\t<span >Alias<\/span>\n\t\t\t<\/div>\n\t\t\t\n\t\t\t\t\t<\/div>\n\n\t\t\t\t\t\t<\/div>\n\t\t\t\t<\/div>\n\t\t\t\t\t<\/div>\n\t\t<\/div>\n\t\t\t\t\t<\/div>\n\t\t<\/section>\n\t\t<div class=\"elementor-element elementor-element-4dd51ce e-grid e-con-boxed e-con e-parent\" data-id=\"4dd51ce\" data-element_type=\"container\" data-e-type=\"container\">\n\t\t\t\t\t<div class=\"e-con-inner\">\n\t\t\t\t<div class=\"elementor-element elementor-element-b346c00 elementor-widget elementor-widget-text-editor\" data-id=\"b346c00\" data-element_type=\"widget\" data-e-type=\"widget\" data-widget_type=\"text-editor.default\">\n\t\t\t\t\t\t\t\t\t<p><strong>Coco LeBlanc<\/strong><\/p><p>Coco LeBlanc est mon alter ego dans les mondes virtuels tels que Second Life.<\/p>\t\t\t\t\t\t\t\t<\/div>\n\t\t\t\t<div class=\"elementor-element elementor-element-8ed6ff0 elementor-widget elementor-widget-image\" data-id=\"8ed6ff0\" data-element_type=\"widget\" data-e-type=\"widget\" data-widget_type=\"image.default\">\n\t\t\t\t\t\t\t\t\t\t\t\t\t\t\t<img fetchpriority=\"high\" decoding=\"async\" width=\"287\" height=\"286\" src=\"https:\/\/www.steffi-woessner.de\/wp-content\/uploads\/2026\/01\/Coco_PP79.jpg\" class=\"attachment-large size-large wp-image-1247\" alt=\"\" srcset=\"https:\/\/www.steffi-woessner.de\/wp-content\/uploads\/2026\/01\/Coco_PP79.jpg 287w, https:\/\/www.steffi-woessner.de\/wp-content\/uploads\/2026\/01\/Coco_PP79-150x150.jpg 150w, https:\/\/www.steffi-woessner.de\/wp-content\/uploads\/2026\/01\/Coco_PP79-184x183.jpg 184w, https:\/\/www.steffi-woessner.de\/wp-content\/uploads\/2026\/01\/Coco_PP79-280x280.jpg 280w, https:\/\/www.steffi-woessner.de\/wp-content\/uploads\/2026\/01\/Coco_PP79-100x100.jpg 100w\" sizes=\"(max-width: 287px) 100vw, 287px\" \/>\t\t\t\t\t\t\t\t\t\t\t\t\t\t\t<\/div>\n\t\t\t\t<div class=\"elementor-element elementor-element-e357929 elementor-widget elementor-widget-text-editor\" data-id=\"e357929\" data-element_type=\"widget\" data-e-type=\"widget\" data-widget_type=\"text-editor.default\">\n\t\t\t\t\t\t\t\t\t<p><strong>PetiteProf79<\/strong><\/p>\n<p>Sous le nom de PetiteProf79, je blogue sur l&#8217;apprentissage orient\u00e9 vers l&#8217;avenir depuis 2011.<\/p>\t\t\t\t\t\t\t\t<\/div>\n\t\t\t\t<div class=\"elementor-element elementor-element-c47e3a9 elementor-shape-rounded elementor-grid-0 e-grid-align-center elementor-widget elementor-widget-social-icons\" data-id=\"c47e3a9\" data-element_type=\"widget\" data-e-type=\"widget\" data-widget_type=\"social-icons.default\">\n\t\t\t\t\t\t\t<div class=\"elementor-social-icons-wrapper elementor-grid\" role=\"list\">\n\t\t\t\t\t\t\t<span class=\"elementor-grid-item\" role=\"listitem\">\n\t\t\t\t\t<a class=\"elementor-icon elementor-social-icon elementor-social-icon-facebook elementor-repeater-item-44a2866\" href=\"https:\/\/www.facebook.com\/leblanc.coco\" target=\"_blank\">\n\t\t\t\t\t\t<span class=\"elementor-screen-only\">Facebook<\/span>\n\t\t\t\t\t\t<svg aria-hidden=\"true\" class=\"e-font-icon-svg e-fab-facebook\" viewBox=\"0 0 512 512\" xmlns=\"http:\/\/www.w3.org\/2000\/svg\"><path d=\"M504 256C504 119 393 8 256 8S8 119 8 256c0 123.78 90.69 226.38 209.25 245V327.69h-63V256h63v-54.64c0-62.15 37-96.48 93.67-96.48 27.14 0 55.52 4.84 55.52 4.84v61h-31.28c-30.8 0-40.41 19.12-40.41 38.73V256h68.78l-11 71.69h-57.78V501C413.31 482.38 504 379.78 504 256z\"><\/path><\/svg>\t\t\t\t\t<\/a>\n\t\t\t\t<\/span>\n\t\t\t\t\t\t\t<span class=\"elementor-grid-item\" role=\"listitem\">\n\t\t\t\t\t<a class=\"elementor-icon elementor-social-icon elementor-social-icon-twitter elementor-repeater-item-0dea731\" href=\"https:\/\/twitter.com\/coco_leblanc\" target=\"_blank\">\n\t\t\t\t\t\t<span class=\"elementor-screen-only\">Twitter<\/span>\n\t\t\t\t\t\t<svg aria-hidden=\"true\" class=\"e-font-icon-svg e-fab-twitter\" viewBox=\"0 0 512 512\" xmlns=\"http:\/\/www.w3.org\/2000\/svg\"><path d=\"M459.37 151.716c.325 4.548.325 9.097.325 13.645 0 138.72-105.583 298.558-298.558 298.558-59.452 0-114.68-17.219-161.137-47.106 8.447.974 16.568 1.299 25.34 1.299 49.055 0 94.213-16.568 130.274-44.832-46.132-.975-84.792-31.188-98.112-72.772 6.498.974 12.995 1.624 19.818 1.624 9.421 0 18.843-1.3 27.614-3.573-48.081-9.747-84.143-51.98-84.143-102.985v-1.299c13.969 7.797 30.214 12.67 47.431 13.319-28.264-18.843-46.781-51.005-46.781-87.391 0-19.492 5.197-37.36 14.294-52.954 51.655 63.675 129.3 105.258 216.365 109.807-1.624-7.797-2.599-15.918-2.599-24.04 0-57.828 46.782-104.934 104.934-104.934 30.213 0 57.502 12.67 76.67 33.137 23.715-4.548 46.456-13.32 66.599-25.34-7.798 24.366-24.366 44.833-46.132 57.827 21.117-2.273 41.584-8.122 60.426-16.243-14.292 20.791-32.161 39.308-52.628 54.253z\"><\/path><\/svg>\t\t\t\t\t<\/a>\n\t\t\t\t<\/span>\n\t\t\t\t\t\t\t<span class=\"elementor-grid-item\" role=\"listitem\">\n\t\t\t\t\t<a class=\"elementor-icon elementor-social-icon elementor-social-icon-youtube elementor-repeater-item-dfec712\" href=\"https:\/\/www.youtube.com\/user\/cocoleblanc\" target=\"_blank\">\n\t\t\t\t\t\t<span class=\"elementor-screen-only\">Youtube<\/span>\n\t\t\t\t\t\t<svg aria-hidden=\"true\" class=\"e-font-icon-svg e-fab-youtube\" viewBox=\"0 0 576 512\" xmlns=\"http:\/\/www.w3.org\/2000\/svg\"><path d=\"M549.655 124.083c-6.281-23.65-24.787-42.276-48.284-48.597C458.781 64 288 64 288 64S117.22 64 74.629 75.486c-23.497 6.322-42.003 24.947-48.284 48.597-11.412 42.867-11.412 132.305-11.412 132.305s0 89.438 11.412 132.305c6.281 23.65 24.787 41.5 48.284 47.821C117.22 448 288 448 288 448s170.78 0 213.371-11.486c23.497-6.321 42.003-24.171 48.284-47.821 11.412-42.867 11.412-132.305 11.412-132.305s0-89.438-11.412-132.305zm-317.51 213.508V175.185l142.739 81.205-142.739 81.201z\"><\/path><\/svg>\t\t\t\t\t<\/a>\n\t\t\t\t<\/span>\n\t\t\t\t\t\t\t<span class=\"elementor-grid-item\" role=\"listitem\">\n\t\t\t\t\t<a class=\"elementor-icon elementor-social-icon elementor-social-icon-wordpress elementor-repeater-item-029cb08\" href=\"http:\/\/www.unautremon.de\/\" target=\"_blank\">\n\t\t\t\t\t\t<span class=\"elementor-screen-only\">WordPress<\/span>\n\t\t\t\t\t\t<svg aria-hidden=\"true\" class=\"e-font-icon-svg e-fab-wordpress\" viewBox=\"0 0 512 512\" xmlns=\"http:\/\/www.w3.org\/2000\/svg\"><path d=\"M61.7 169.4l101.5 278C92.2 413 43.3 340.2 43.3 256c0-30.9 6.6-60.1 18.4-86.6zm337.9 75.9c0-26.3-9.4-44.5-17.5-58.7-10.8-17.5-20.9-32.4-20.9-49.9 0-19.6 14.8-37.8 35.7-37.8.9 0 1.8.1 2.8.2-37.9-34.7-88.3-55.9-143.7-55.9-74.3 0-139.7 38.1-177.8 95.9 5 .2 9.7.3 13.7.3 22.2 0 56.7-2.7 56.7-2.7 11.5-.7 12.8 16.2 1.4 17.5 0 0-11.5 1.3-24.3 2l77.5 230.4L249.8 247l-33.1-90.8c-11.5-.7-22.3-2-22.3-2-11.5-.7-10.1-18.2 1.3-17.5 0 0 35.1 2.7 56 2.7 22.2 0 56.7-2.7 56.7-2.7 11.5-.7 12.8 16.2 1.4 17.5 0 0-11.5 1.3-24.3 2l76.9 228.7 21.2-70.9c9-29.4 16-50.5 16-68.7zm-139.9 29.3l-63.8 185.5c19.1 5.6 39.2 8.7 60.1 8.7 24.8 0 48.5-4.3 70.6-12.1-.6-.9-1.1-1.9-1.5-2.9l-65.4-179.2zm183-120.7c.9 6.8 1.4 14 1.4 21.9 0 21.6-4 45.8-16.2 76.2l-65 187.9C426.2 403 468.7 334.5 468.7 256c0-37-9.4-71.8-26-102.1zM504 256c0 136.8-111.3 248-248 248C119.2 504 8 392.7 8 256 8 119.2 119.2 8 256 8c136.7 0 248 111.2 248 248zm-11.4 0c0-130.5-106.2-236.6-236.6-236.6C125.5 19.4 19.4 125.5 19.4 256S125.6 492.6 256 492.6c130.5 0 236.6-106.1 236.6-236.6z\"><\/path><\/svg>\t\t\t\t\t<\/a>\n\t\t\t\t<\/span>\n\t\t\t\t\t<\/div>\n\t\t\t\t\t\t<\/div>\n\t\t\t\t<div class=\"elementor-element elementor-element-21e5fcd elementor-widget elementor-widget-text-editor\" data-id=\"21e5fcd\" data-element_type=\"widget\" data-e-type=\"widget\" data-widget_type=\"text-editor.default\">\n\t\t\t\t\t\t\t\t\t<p style=\"text-align: center;\">R\u00e9seaux sociaux<\/p>\t\t\t\t\t\t\t\t<\/div>\n\t\t\t\t<div class=\"elementor-element elementor-element-85b9c77 elementor-shape-rounded elementor-grid-0 e-grid-align-center elementor-widget elementor-widget-social-icons\" data-id=\"85b9c77\" data-element_type=\"widget\" data-e-type=\"widget\" data-widget_type=\"social-icons.default\">\n\t\t\t\t\t\t\t<div class=\"elementor-social-icons-wrapper elementor-grid\" role=\"list\">\n\t\t\t\t\t\t\t<span class=\"elementor-grid-item\" role=\"listitem\">\n\t\t\t\t\t<a class=\"elementor-icon elementor-social-icon elementor-social-icon-facebook elementor-repeater-item-9dcd6bd\" href=\"https:\/\/www.facebook.com\/petiteprof79\" target=\"_blank\">\n\t\t\t\t\t\t<span class=\"elementor-screen-only\">Facebook<\/span>\n\t\t\t\t\t\t<svg aria-hidden=\"true\" class=\"e-font-icon-svg e-fab-facebook\" viewBox=\"0 0 512 512\" xmlns=\"http:\/\/www.w3.org\/2000\/svg\"><path d=\"M504 256C504 119 393 8 256 8S8 119 8 256c0 123.78 90.69 226.38 209.25 245V327.69h-63V256h63v-54.64c0-62.15 37-96.48 93.67-96.48 27.14 0 55.52 4.84 55.52 4.84v61h-31.28c-30.8 0-40.41 19.12-40.41 38.73V256h68.78l-11 71.69h-57.78V501C413.31 482.38 504 379.78 504 256z\"><\/path><\/svg>\t\t\t\t\t<\/a>\n\t\t\t\t<\/span>\n\t\t\t\t\t\t\t<span class=\"elementor-grid-item\" role=\"listitem\">\n\t\t\t\t\t<a class=\"elementor-icon elementor-social-icon elementor-social-icon- elementor-repeater-item-1948700\" href=\"https:\/\/bsky.app\/profile\/petiteprof79.bsky.social\" target=\"_blank\">\n\t\t\t\t\t\t<span class=\"elementor-screen-only\"><\/span>\n\t\t\t\t\t\t<svg xmlns=\"http:\/\/www.w3.org\/2000\/svg\" shape-rendering=\"geometricPrecision\" text-rendering=\"geometricPrecision\" image-rendering=\"optimizeQuality\" fill-rule=\"evenodd\" clip-rule=\"evenodd\" viewBox=\"0 0 512 512\"><path fill=\"#0085FF\" d=\"M105 0h302c57.928.155 104.845 47.072 105 104.996V407c-.155 57.926-47.072 104.844-104.996 104.998L105 512C47.074 511.844.156 464.926.002 407.003L0 105C.156 47.072 47.074.155 104.997 0H105z\"><\/path><path fill=\"#fff\" fill-rule=\"nonzero\" d=\"M173.234 144.311c33.5 25.237 69.538 76.397 82.765 103.853 13.228-27.456 49.267-78.616 82.767-103.853 24.177-18.205 63.343-32.294 63.343 12.534 0 8.949-5.115 75.209-8.117 85.969-10.429 37.393-48.441 46.931-82.251 41.159 59.1 10.091 74.133 43.513 41.664 76.936-61.663 63.479-88.629-15.927-95.533-36.273-1.991-5.857-1.708-5.991-3.745 0-6.905 20.346-33.869 99.752-95.531 36.273-32.47-33.423-17.437-66.845 41.663-76.936-33.81 5.772-71.822-3.766-82.251-41.159-3.002-10.76-8.117-77.02-8.117-85.969 0-44.828 39.172-30.739 63.343-12.534z\"><\/path><\/svg>\t\t\t\t\t<\/a>\n\t\t\t\t<\/span>\n\t\t\t\t\t\t\t<span class=\"elementor-grid-item\" role=\"listitem\">\n\t\t\t\t\t<a class=\"elementor-icon elementor-social-icon elementor-social-icon-youtube elementor-repeater-item-cb87f69\" href=\"http:\/\/www.youtube.com\/c\/StephanieWoessner\" target=\"_blank\">\n\t\t\t\t\t\t<span class=\"elementor-screen-only\">Youtube<\/span>\n\t\t\t\t\t\t<svg aria-hidden=\"true\" class=\"e-font-icon-svg e-fab-youtube\" viewBox=\"0 0 576 512\" xmlns=\"http:\/\/www.w3.org\/2000\/svg\"><path d=\"M549.655 124.083c-6.281-23.65-24.787-42.276-48.284-48.597C458.781 64 288 64 288 64S117.22 64 74.629 75.486c-23.497 6.322-42.003 24.947-48.284 48.597-11.412 42.867-11.412 132.305-11.412 132.305s0 89.438 11.412 132.305c6.281 23.65 24.787 41.5 48.284 47.821C117.22 448 288 448 288 448s170.78 0 213.371-11.486c23.497-6.321 42.003-24.171 48.284-47.821 11.412-42.867 11.412-132.305 11.412-132.305s0-89.438-11.412-132.305zm-317.51 213.508V175.185l142.739 81.205-142.739 81.201z\"><\/path><\/svg>\t\t\t\t\t<\/a>\n\t\t\t\t<\/span>\n\t\t\t\t\t\t\t<span class=\"elementor-grid-item\" role=\"listitem\">\n\t\t\t\t\t<a class=\"elementor-icon elementor-social-icon elementor-social-icon-wordpress elementor-repeater-item-a283bfc\" href=\"http:\/\/www.petiteprof79.eu\/\" target=\"_blank\">\n\t\t\t\t\t\t<span class=\"elementor-screen-only\">WordPress<\/span>\n\t\t\t\t\t\t<svg aria-hidden=\"true\" class=\"e-font-icon-svg e-fab-wordpress\" viewBox=\"0 0 512 512\" xmlns=\"http:\/\/www.w3.org\/2000\/svg\"><path d=\"M61.7 169.4l101.5 278C92.2 413 43.3 340.2 43.3 256c0-30.9 6.6-60.1 18.4-86.6zm337.9 75.9c0-26.3-9.4-44.5-17.5-58.7-10.8-17.5-20.9-32.4-20.9-49.9 0-19.6 14.8-37.8 35.7-37.8.9 0 1.8.1 2.8.2-37.9-34.7-88.3-55.9-143.7-55.9-74.3 0-139.7 38.1-177.8 95.9 5 .2 9.7.3 13.7.3 22.2 0 56.7-2.7 56.7-2.7 11.5-.7 12.8 16.2 1.4 17.5 0 0-11.5 1.3-24.3 2l77.5 230.4L249.8 247l-33.1-90.8c-11.5-.7-22.3-2-22.3-2-11.5-.7-10.1-18.2 1.3-17.5 0 0 35.1 2.7 56 2.7 22.2 0 56.7-2.7 56.7-2.7 11.5-.7 12.8 16.2 1.4 17.5 0 0-11.5 1.3-24.3 2l76.9 228.7 21.2-70.9c9-29.4 16-50.5 16-68.7zm-139.9 29.3l-63.8 185.5c19.1 5.6 39.2 8.7 60.1 8.7 24.8 0 48.5-4.3 70.6-12.1-.6-.9-1.1-1.9-1.5-2.9l-65.4-179.2zm183-120.7c.9 6.8 1.4 14 1.4 21.9 0 21.6-4 45.8-16.2 76.2l-65 187.9C426.2 403 468.7 334.5 468.7 256c0-37-9.4-71.8-26-102.1zM504 256c0 136.8-111.3 248-248 248C119.2 504 8 392.7 8 256 8 119.2 119.2 8 256 8c136.7 0 248 111.2 248 248zm-11.4 0c0-130.5-106.2-236.6-236.6-236.6C125.5 19.4 19.4 125.5 19.4 256S125.6 492.6 256 492.6c130.5 0 236.6-106.1 236.6-236.6z\"><\/path><\/svg>\t\t\t\t\t<\/a>\n\t\t\t\t<\/span>\n\t\t\t\t\t<\/div>\n\t\t\t\t\t\t<\/div>\n\t\t\t\t\t<\/div>\n\t\t\t\t<\/div>\n\t\t<div class=\"elementor-element elementor-element-1ee14c7 e-flex e-con-boxed e-con e-parent\" data-id=\"1ee14c7\" data-element_type=\"container\" data-e-type=\"container\">\n\t\t\t\t\t<div class=\"e-con-inner\">\n\t\t\t\t<div class=\"elementor-element elementor-element-9cdf3fe elementor-widget elementor-widget-ryancv-quote\" data-id=\"9cdf3fe\" data-element_type=\"widget\" data-e-type=\"widget\" data-widget_type=\"ryancv-quote.default\">\n\t\t\t\t<div class=\"elementor-widget-container\">\n\t\t\t\t\t\n\t\t<!-- Quote -->\n\n\t\t<div class=\"content quote\">\n\n\t\t\t\n\t\t\t<!-- content -->\n\t\t\t<div class=\"row\">\n\t\t\t\t<div class=\"col col-d-12 col-t-12 col-m-12 border-line-v\">\n\t\t\t\t\t<div class=\"revs-item\">\n\t\t\t\t\t\t\t\t\t\t\t\t<div class=\"text\">\n\t\t\t\t\t\t\t<div >\n\t\t\t\t\t\t\t\tPour \u00eatre irrempla\u00e7able, il faut toujours \u00eatre diff\u00e9rent.\t\t\t\t\t\t\t<\/div>\n\t\t\t\t\t\t<\/div>\n\t\t\t\t\t\t\t\t\t\t\t\t<div class=\"user\">\n\t\t\t\t\t\t\t\t\t\t\t\t\t\t<div class=\"info\">\n\t\t\t\t\t\t\t\t\t\t\t\t\t\t\t\t<div class=\"name\">Coco Chanel<\/div>\n\t\t\t\t\t\t\t\t\t\t\t\t\t\t\t\t\t\t\t\t\t\t\t<\/div>\n\t\t\t\t\t\t\t<div class=\"clear\"><\/div>\n\t\t\t\t\t\t<\/div>\n\t\t\t\t\t<\/div>\n\t\t\t\t<\/div>\n\t\t\t\t<div class=\"clear\"><\/div>\n\t\t\t<\/div>\n\n\t\t<\/div>\n\n\t\t\t\t\t\t<\/div>\n\t\t\t\t<\/div>\n\t\t\t\t\t<\/div>\n\t\t\t\t<\/div>\n\t\t\t\t<\/div>\n\t\t","protected":false},"excerpt":{"rendered":"<p>Alias Coco LeBlanc Coco LeBlanc est mon alter ego dans les mondes virtuels tels que Second Life. PetiteProf79 Sous le&#8230;<\/p>\n","protected":false},"author":2,"featured_media":0,"parent":0,"menu_order":0,"comment_status":"closed","ping_status":"closed","template":"template-elementor-builder.php","meta":{"_acf_changed":false,"footnotes":""},"class_list":["post-1248","page","type-page","status-publish","hentry"],"acf":[],"_links":{"self":[{"href":"https:\/\/www.steffi-woessner.de\/fr\/wp-json\/wp\/v2\/pages\/1248","targetHints":{"allow":["GET"]}}],"collection":[{"href":"https:\/\/www.steffi-woessner.de\/fr\/wp-json\/wp\/v2\/pages"}],"about":[{"href":"https:\/\/www.steffi-woessner.de\/fr\/wp-json\/wp\/v2\/types\/page"}],"author":[{"embeddable":true,"href":"https:\/\/www.steffi-woessner.de\/fr\/wp-json\/wp\/v2\/users\/2"}],"replies":[{"embeddable":true,"href":"https:\/\/www.steffi-woessner.de\/fr\/wp-json\/wp\/v2\/comments?post=1248"}],"version-history":[{"count":1,"href":"https:\/\/www.steffi-woessner.de\/fr\/wp-json\/wp\/v2\/pages\/1248\/revisions"}],"predecessor-version":[{"id":1250,"href":"https:\/\/www.steffi-woessner.de\/fr\/wp-json\/wp\/v2\/pages\/1248\/revisions\/1250"}],"wp:attachment":[{"href":"https:\/\/www.steffi-woessner.de\/fr\/wp-json\/wp\/v2\/media?parent=1248"}],"curies":[{"name":"wp","href":"https:\/\/api.w.org\/{rel}","templated":true}]}}